{"id":6475,"date":"2026-04-08T14:00:22","date_gmt":"2026-04-08T12:00:22","guid":{"rendered":"https:\/\/breeder.lanrel.eu\/?post_type=product&#038;p=6475"},"modified":"2026-04-08T14:01:17","modified_gmt":"2026-04-08T12:01:17","slug":"new-lancat-tofu-cat-litter-original-10-kg","status":"publish","type":"product","link":"https:\/\/breeder.lanrel.eu\/pl\/produkt\/new-lancat-tofu-cat-litter-original-10-kg\/","title":{"rendered":"NEW LANCAT TOFU CAT LITTER (Original) 10 kg"},"content":{"rendered":"<h1>Opis produktu<\/h1>\n<p><img fetchpriority=\"high\" decoding=\"async\" class=\"wp-image-6476 aligncenter\" src=\"http:\/\/breeder.lanrel.eu\/wp-content\/uploads\/2026\/04\/ec0f639e9ff6640f4de1cc8464ea2330.png\" alt=\"\" width=\"728\" height=\"1027\" srcset=\"https:\/\/breeder.lanrel.eu\/wp-content\/uploads\/2026\/04\/ec0f639e9ff6640f4de1cc8464ea2330.png 1258w, https:\/\/breeder.lanrel.eu\/wp-content\/uploads\/2026\/04\/ec0f639e9ff6640f4de1cc8464ea2330-213x300.png 213w, https:\/\/breeder.lanrel.eu\/wp-content\/uploads\/2026\/04\/ec0f639e9ff6640f4de1cc8464ea2330-726x1024.png 726w, https:\/\/breeder.lanrel.eu\/wp-content\/uploads\/2026\/04\/ec0f639e9ff6640f4de1cc8464ea2330-768x1083.png 768w, https:\/\/breeder.lanrel.eu\/wp-content\/uploads\/2026\/04\/ec0f639e9ff6640f4de1cc8464ea2330-1089x1536.png 1089w, https:\/\/breeder.lanrel.eu\/wp-content\/uploads\/2026\/04\/ec0f639e9ff6640f4de1cc8464ea2330-9x12.png 9w, https:\/\/breeder.lanrel.eu\/wp-content\/uploads\/2026\/04\/ec0f639e9ff6640f4de1cc8464ea2330-600x846.png 600w\" sizes=\"(max-width: 728px) 100vw, 728px\" \/><\/p>\n<p>&nbsp;<\/p>\n<p><strong>Data produkcji:<\/strong> patrz data na opakowaniu<\/p>\n<p><strong>Okres trwa\u0142o\u015bci:<\/strong> 3 lata<\/p>\n<p><strong>Quality Management System Standard:<\/strong> ISO9001: GB\/T19001-2016<\/p>\n<p><strong>Wyprodukowano w Chinach<\/strong><\/p>\n<p><strong>Przechowywanie: <\/strong>Przechowywa\u0107 w suchym i wentylowanym miejscu. Chroni\u0107 przed bezpo\u015brednim \u015bwiat\u0142em s\u0142onecznym<\/p>\n<p><strong>Uwaga<\/strong> Nie sp\u0142ukiwa\u0107 w toalecie. Utylizowa\u0107 zgodnie z lokalnymi przepisami.<\/p>","protected":false},"excerpt":{"rendered":"<p>Informacje o produkcie:<\/p>\n<p>Dla jakiego pupila: Kot<\/p>\n<p>Scent\uff1a Lavender<\/p>\n<p>Age Range Description: kitten &amp; Adoult<\/p>\n<p>Waga netto\uff1a10kg<\/p>\n<p>Sk\u0142ad\uff1a<\/p>\n<p>100 % soybean fiber<\/p>\n<p>&nbsp;<\/p>\n<p>&nbsp;<\/p>","protected":false},"featured_media":6464,"comment_status":"open","ping_status":"closed","template":"","meta":{"om_disable_all_campaigns":false,"inline_featured_image":false},"product_brand":[],"product_cat":[35,91],"product_tag":[],"class_list":{"0":"post-6475","1":"product","2":"type-product","3":"status-publish","4":"has-post-thumbnail","6":"product_cat-cat-litter","7":"product_cat-lancat-cat-litter","9":"first","10":"instock","11":"taxable","12":"shipping-taxable","13":"product-type-simple"},"_links":{"self":[{"href":"https:\/\/breeder.lanrel.eu\/pl\/wp-json\/wp\/v2\/product\/6475","targetHints":{"allow":["GET"]}}],"collection":[{"href":"https:\/\/breeder.lanrel.eu\/pl\/wp-json\/wp\/v2\/product"}],"about":[{"href":"https:\/\/breeder.lanrel.eu\/pl\/wp-json\/wp\/v2\/types\/product"}],"replies":[{"embeddable":true,"href":"https:\/\/breeder.lanrel.eu\/pl\/wp-json\/wp\/v2\/comments?post=6475"}],"wp:featuredmedia":[{"embeddable":true,"href":"https:\/\/breeder.lanrel.eu\/pl\/wp-json\/wp\/v2\/media\/6464"}],"wp:attachment":[{"href":"https:\/\/breeder.lanrel.eu\/pl\/wp-json\/wp\/v2\/media?parent=6475"}],"wp:term":[{"taxonomy":"product_brand","embeddable":true,"href":"https:\/\/breeder.lanrel.eu\/pl\/wp-json\/wp\/v2\/product_brand?post=6475"},{"taxonomy":"product_cat","embeddable":true,"href":"https:\/\/breeder.lanrel.eu\/pl\/wp-json\/wp\/v2\/product_cat?post=6475"},{"taxonomy":"product_tag","embeddable":true,"href":"https:\/\/breeder.lanrel.eu\/pl\/wp-json\/wp\/v2\/product_tag?post=6475"}],"curies":[{"name":"wp","href":"https:\/\/api.w.org\/{rel}","templated":true}]}}