{"id":6473,"date":"2026-04-05T13:14:00","date_gmt":"2026-04-05T11:14:00","guid":{"rendered":"https:\/\/breeder.lanrel.eu\/?post_type=product&#038;p=6473"},"modified":"2026-04-05T13:29:10","modified_gmt":"2026-04-05T11:29:10","slug":"new-lancat-cat-litter-mixed-cassava-%ef%bc%88-sakura-white-tea%ef%bc%8910-kg","status":"publish","type":"product","link":"https:\/\/breeder.lanrel.eu\/pl\/produkt\/new-lancat-cat-litter-mixed-cassava-%ef%bc%88-sakura-white-tea%ef%bc%8910-kg\/","title":{"rendered":"Nowy LANCAT Mieszany z\u0307wirek dla kota z Tofu i manioku (o zapachu kwiatu wi\u015bni i bia\u0142ej herbaty) 10kg"},"content":{"rendered":"<h1>Opis produktu<\/h1>\n<p><img fetchpriority=\"high\" decoding=\"async\" class=\"wp-image-6474 aligncenter\" src=\"http:\/\/breeder.lanrel.eu\/wp-content\/uploads\/2026\/04\/58860c8c521b68f8f6feddc2ad61aaf9.png\" alt=\"\" width=\"739\" height=\"1040\" srcset=\"https:\/\/breeder.lanrel.eu\/wp-content\/uploads\/2026\/04\/58860c8c521b68f8f6feddc2ad61aaf9.png 1256w, https:\/\/breeder.lanrel.eu\/wp-content\/uploads\/2026\/04\/58860c8c521b68f8f6feddc2ad61aaf9-213x300.png 213w, https:\/\/breeder.lanrel.eu\/wp-content\/uploads\/2026\/04\/58860c8c521b68f8f6feddc2ad61aaf9-727x1024.png 727w, https:\/\/breeder.lanrel.eu\/wp-content\/uploads\/2026\/04\/58860c8c521b68f8f6feddc2ad61aaf9-768x1081.png 768w, https:\/\/breeder.lanrel.eu\/wp-content\/uploads\/2026\/04\/58860c8c521b68f8f6feddc2ad61aaf9-1091x1536.png 1091w, https:\/\/breeder.lanrel.eu\/wp-content\/uploads\/2026\/04\/58860c8c521b68f8f6feddc2ad61aaf9-9x12.png 9w, https:\/\/breeder.lanrel.eu\/wp-content\/uploads\/2026\/04\/58860c8c521b68f8f6feddc2ad61aaf9-600x845.png 600w\" sizes=\"(max-width: 739px) 100vw, 739px\" \/><\/p>\n<p><strong>Data produkcji:<\/strong> patrz data na opakowaniu<\/p>\n<p><strong>Okres trwa\u0142o\u015bci:<\/strong> 3 lata<\/p>\n<p><strong>Quality Management System Standard:<\/strong> ISO9001: GB\/T19001-2016<\/p>\n<p><strong>Wyprodukowano w Chinach<\/strong><\/p>\n<p><strong>Przechowywanie: <\/strong>Przechowywa\u0107 w suchym i wentylowanym miejscu. Chroni\u0107 przed bezpo\u015brednim \u015bwiat\u0142em s\u0142onecznym<\/p>\n<p><strong>Uwaga<\/strong> Nie sp\u0142ukiwa\u0107 w toalecie. Utylizowa\u0107 zgodnie z lokalnymi przepisami.<\/p>\n<p>&nbsp;<\/p>","protected":false},"excerpt":{"rendered":"<p>Informacje o produkcie:<\/p>\n<p>Dla jakiego pupila: Kot<\/p>\n<p>Zapach: kwiatu wi\u015bni i bia\u0142ej herbaty<\/p>\n<p>Faza \u017cycia: Wszystkie etapy \u017cycia<\/p>\n<p>Waga netto\uff1a10kg<\/p>\n<p>Sk\u0142ad\uff1a<\/p>\n<p>70% w\u0142\u00f3kno sojowe, 30% skrobia z manioku<\/p>\n<p>&nbsp;<\/p>\n<p>&nbsp;<\/p>","protected":false},"featured_media":6464,"comment_status":"open","ping_status":"closed","template":"","meta":{"om_disable_all_campaigns":false,"inline_featured_image":false},"product_brand":[],"product_cat":[35,91],"product_tag":[],"class_list":{"0":"post-6473","1":"product","2":"type-product","3":"status-publish","4":"has-post-thumbnail","6":"product_cat-cat-litter","7":"product_cat-lancat-cat-litter","9":"first","10":"instock","11":"taxable","12":"shipping-taxable","13":"product-type-simple"},"_links":{"self":[{"href":"https:\/\/breeder.lanrel.eu\/pl\/wp-json\/wp\/v2\/product\/6473","targetHints":{"allow":["GET"]}}],"collection":[{"href":"https:\/\/breeder.lanrel.eu\/pl\/wp-json\/wp\/v2\/product"}],"about":[{"href":"https:\/\/breeder.lanrel.eu\/pl\/wp-json\/wp\/v2\/types\/product"}],"replies":[{"embeddable":true,"href":"https:\/\/breeder.lanrel.eu\/pl\/wp-json\/wp\/v2\/comments?post=6473"}],"wp:featuredmedia":[{"embeddable":true,"href":"https:\/\/breeder.lanrel.eu\/pl\/wp-json\/wp\/v2\/media\/6464"}],"wp:attachment":[{"href":"https:\/\/breeder.lanrel.eu\/pl\/wp-json\/wp\/v2\/media?parent=6473"}],"wp:term":[{"taxonomy":"product_brand","embeddable":true,"href":"https:\/\/breeder.lanrel.eu\/pl\/wp-json\/wp\/v2\/product_brand?post=6473"},{"taxonomy":"product_cat","embeddable":true,"href":"https:\/\/breeder.lanrel.eu\/pl\/wp-json\/wp\/v2\/product_cat?post=6473"},{"taxonomy":"product_tag","embeddable":true,"href":"https:\/\/breeder.lanrel.eu\/pl\/wp-json\/wp\/v2\/product_tag?post=6473"}],"curies":[{"name":"wp","href":"https:\/\/api.w.org\/{rel}","templated":true}]}}