{"id":5878,"date":"2024-11-26T07:08:11","date_gmt":"2024-11-26T06:08:11","guid":{"rendered":"https:\/\/breeder.lanrel.eu\/?page_id=5878"},"modified":"2025-07-08T12:11:31","modified_gmt":"2025-07-08T10:11:31","slug":"breeders-club-2","status":"publish","type":"page","link":"https:\/\/breeder.lanrel.eu\/pl\/breeders-club-2\/","title":{"rendered":"Klub Hodowc\u00f3w"},"content":{"rendered":"<div data-elementor-type=\"wp-page\" data-elementor-id=\"5878\" class=\"elementor elementor-5878\" data-elementor-post-type=\"page\">\n\t\t\t\t<div class=\"elementor-element elementor-element-fd5702b e-con-full e-flex e-con e-parent\" data-id=\"fd5702b\" data-element_type=\"container\">\n\t\t\t\t<div class=\"elementor-element elementor-element-d1fc090 elementor-widget__width-initial elementor-widget elementor-widget-wpforms\" data-id=\"d1fc090\" data-element_type=\"widget\" data-widget_type=\"wpforms.default\">\n\t\t\t\t<div class=\"elementor-widget-container\">\n\t\t\t\t\t<div class=\"wpforms-container wpforms-container-full wpforms-render-modern\" id=\"wpforms-5883\"><form id=\"wpforms-form-5883\" class=\"wpforms-validate wpforms-form wpforms-ajax-form\" data-formid=\"5883\" method=\"post\" enctype=\"multipart\/form-data\" action=\"\/pl\/wp-json\/wp\/v2\/pages\/5878\" data-token=\"5f2f146abac00d8af599e61740ea642a\" data-token-time=\"1776777170\" data-trp-original-action=\"\/pl\/wp-json\/wp\/v2\/pages\/5878\"><noscript class=\"wpforms-error-noscript\">Aby wype\u0142ni\u0107 ten formularz, w\u0142\u0105cz obs\u0142ug\u0119 JavaScript w przegl\u0105darce.<\/noscript><div id=\"wpforms-error-noscript\" style=\"display: none;\">Aby wype\u0142ni\u0107 ten formularz, w\u0142\u0105cz obs\u0142ug\u0119 JavaScript w przegl\u0105darce.<\/div><div class=\"wpforms-field-container\"><div id=\"wpforms-5883-field_1-container\" class=\"wpforms-field wpforms-field-name\" data-field-id=\"1\"><label class=\"wpforms-field-label\" for=\"wpforms-5883-field_1\">Imi\u0119 i Nazwisko <span class=\"wpforms-required-label\" aria-hidden=\"true\">*<\/span><\/label><input type=\"text\" id=\"wpforms-5883-field_1\" class=\"wpforms-field-large wpforms-field-required\" name=\"wpforms[fields][1]\" aria-errormessage=\"wpforms-5883-field_1-error\" required><\/div><div id=\"wpforms-5883-field_2-container\" class=\"wpforms-field wpforms-field-email\" data-field-id=\"2\"><label class=\"wpforms-field-label\" for=\"wpforms-5883-field_2\">Email <span class=\"wpforms-required-label\" aria-hidden=\"true\">*<\/span><\/label><input type=\"email\" id=\"wpforms-5883-field_2\" class=\"wpforms-field-large wpforms-field-required\" name=\"wpforms[fields][2]\" spellcheck=\"false\" aria-errormessage=\"wpforms-5883-field_2-error\" required><\/div>\t\t<div id=\"wpforms-5883-field_7-container\"\n\t\t\tclass=\"wpforms-field wpforms-field-text\"\n\t\t\tdata-field-type=\"text\"\n\t\t\tdata-field-id=\"7\"\n\t\t\t>\n\t\t\t<label class=\"wpforms-field-label\" for=\"wpforms-5883-field_7\" > Name Telephone<\/label>\n\t\t\t<input type=\"text\" id=\"wpforms-5883-field_7\" class=\"wpforms-field-medium\" name=\"wpforms[fields][7]\" >\n\t\t<\/div>\n\t\t<div id=\"wpforms-5883-field_3-container\" class=\"wpforms-field wpforms-field-textarea\" data-field-id=\"3\"><label class=\"wpforms-field-label\" for=\"wpforms-5883-field_3\">Adres zamieszkania <span class=\"wpforms-required-label\" aria-hidden=\"true\">*<\/span><\/label><textarea id=\"wpforms-5883-field_3\" class=\"wpforms-field-medium wpforms-field-required\" name=\"wpforms[fields][3]\" aria-errormessage=\"wpforms-5883-field_3-error\" required><\/textarea><\/div><div id=\"wpforms-5883-field_4-container\" class=\"wpforms-field wpforms-field-number\" data-field-id=\"4\"><label class=\"wpforms-field-label\" for=\"wpforms-5883-field_4\">Kod pocztowy <span class=\"wpforms-required-label\" aria-hidden=\"true\">*<\/span><\/label><input type=\"number\" id=\"wpforms-5883-field_4\" class=\"wpforms-field-large wpforms-field-required\" name=\"wpforms[fields][4]\" step=\"any\" aria-errormessage=\"wpforms-5883-field_4-error\" required><\/div><div id=\"wpforms-5883-field_5-container\" class=\"wpforms-field wpforms-field-text\" data-field-id=\"5\"><label class=\"wpforms-field-label\" for=\"wpforms-5883-field_5\">Miasto <span class=\"wpforms-required-label\" aria-hidden=\"true\">*<\/span><\/label><input type=\"text\" id=\"wpforms-5883-field_5\" class=\"wpforms-field-large wpforms-field-required\" name=\"wpforms[fields][5]\" aria-errormessage=\"wpforms-5883-field_5-error\" required><\/div><div id=\"wpforms-5883-field_6-container\" class=\"wpforms-field wpforms-field-number\" data-field-id=\"6\"><label class=\"wpforms-field-label\" for=\"wpforms-5883-field_6\">Telefon <span class=\"wpforms-required-label\" aria-hidden=\"true\">*<\/span><\/label><input type=\"number\" id=\"wpforms-5883-field_6\" class=\"wpforms-field-large wpforms-field-required\" name=\"wpforms[fields][6]\" step=\"any\" aria-errormessage=\"wpforms-5883-field_6-error\" required><\/div><div id=\"wpforms-5883-field_8-container\" class=\"wpforms-field wpforms-field-text\" data-field-id=\"8\"><label class=\"wpforms-field-label\" for=\"wpforms-5883-field_8\">Klub <span class=\"wpforms-required-label\" aria-hidden=\"true\">*<\/span><\/label><input type=\"text\" id=\"wpforms-5883-field_8\" class=\"wpforms-field-large wpforms-field-required\" name=\"wpforms[fields][8]\" aria-errormessage=\"wpforms-5883-field_8-error\" required><\/div><div id=\"wpforms-5883-field_9-container\" class=\"wpforms-field wpforms-field-name\" data-field-id=\"9\"><label class=\"wpforms-field-label\" for=\"wpforms-5883-field_9\">Rasy ps\u00f3w\/kot\u00f3w <span class=\"wpforms-required-label\" aria-hidden=\"true\">*<\/span><\/label><input type=\"text\" id=\"wpforms-5883-field_9\" class=\"wpforms-field-large wpforms-field-required\" name=\"wpforms[fields][9]\" aria-errormessage=\"wpforms-5883-field_9-error\" required><\/div><div id=\"wpforms-5883-field_10-container\" class=\"wpforms-field wpforms-field-text\" data-field-id=\"10\"><label class=\"wpforms-field-label\" for=\"wpforms-5883-field_10\">WWW.<\/label><input type=\"text\" id=\"wpforms-5883-field_10\" class=\"wpforms-field-large\" name=\"wpforms[fields][10]\" aria-errormessage=\"wpforms-5883-field_10-error\" ><\/div><div id=\"wpforms-5883-field_12-container\" class=\"wpforms-field wpforms-field-number\" data-field-id=\"12\"><label class=\"wpforms-field-label\" for=\"wpforms-5883-field_12\">Nr of cats\/dogs<\/label><input type=\"number\" id=\"wpforms-5883-field_12\" class=\"wpforms-field-large\" name=\"wpforms[fields][12]\" step=\"any\" aria-errormessage=\"wpforms-5883-field_12-error\" ><\/div><div id=\"wpforms-5883-field_14-container\" class=\"wpforms-field wpforms-field-checkbox\" data-field-id=\"14\"><fieldset><legend class=\"wpforms-field-label wpforms-label-hide\" aria-hidden=\"false\">  <span class=\"wpforms-required-label\" aria-hidden=\"true\">*<\/span><\/legend><ul id=\"wpforms-5883-field_14\" class=\"wpforms-field-required\"><li class=\"choice-1 depth-1\"><input type=\"checkbox\" id=\"wpforms-5883-field_14_1\" name=\"wpforms[fields][14][]\" value=\"I declare that I have read the rules\" aria-errormessage=\"wpforms-5883-field_14_1-error\" required><label class=\"wpforms-field-label-inline\" for=\"wpforms-5883-field_14_1\">O\u015bwiadczam i\u017c zapozna\u0142em si\u0119 z REGULAMINEM<\/label><\/li><li class=\"choice-3 depth-1\"><input type=\"checkbox\" id=\"wpforms-5883-field_14_3\" name=\"wpforms[fields][14][]\" value=\"I declare that I have read the GDPR Policy\" aria-errormessage=\"wpforms-5883-field_14_3-error\" required><label class=\"wpforms-field-label-inline\" for=\"wpforms-5883-field_14_3\">O\u015bwiadczam i\u017c zapozna\u0142em si\u0119 z PRYWATN\u00d3SCI<\/label><\/li><\/ul><\/fieldset><\/div><script>\n\t\t\t\t( function() {\n\t\t\t\t\tconst style = document.createElement( 'style' );\n\t\t\t\t\tstyle.appendChild( document.createTextNode( '#wpforms-5883-field_7-container { position: absolute !important; overflow: hidden !important; display: inline !important; height: 1px !important; width: 1px !important; z-index: -1000 !important; padding: 0 !important; } #wpforms-5883-field_7-container input { visibility: hidden; } #wpforms-conversational-form-page #wpforms-5883-field_7-container label { counter-increment: none; }' ) );\n\t\t\t\t\tdocument.head.appendChild( style );\n\t\t\t\t\tdocument.currentScript?.remove();\n\t\t\t\t} )();\n\t\t\t<\/script><\/div><!-- .wpforms-field-container --><div class=\"wpforms-submit-container\" ><input type=\"hidden\" name=\"wpforms[id]\" value=\"5883\"><input type=\"hidden\" name=\"page_title\" value=\"\"><input type=\"hidden\" name=\"page_url\" value=\"https:\/\/breeder.lanrel.eu\/pl\/wp-json\/wp\/v2\/pages\/5878\"><input type=\"hidden\" name=\"url_referer\" value=\"\"><button type=\"submit\" name=\"wpforms[submit]\" id=\"wpforms-submit-5883\" class=\"wpforms-submit\" data-alt-text=\"Sending...\" data-submit-text=\"Submit\" aria-live=\"assertive\" value=\"wpforms-submit\">WY\u015aLIJ<\/button><img decoding=\"async\" src=\"https:\/\/breeder.lanrel.eu\/wp-content\/plugins\/wpforms-lite\/assets\/images\/submit-spin.svg\" class=\"wpforms-submit-spinner\" style=\"display: none;\" width=\"26\" height=\"26\" alt=\"Wczytywanie\"><\/div><input type=\"hidden\" name=\"trp-form-language\" value=\"pl\"\/><\/form><\/div>  <!-- .wpforms-container -->\t\t\t\t<\/div>\n\t\t\t\t<\/div>\n\t\t\t\t<\/div>\n\t\t\t\t<\/div>","protected":false},"excerpt":{"rendered":"<p>Please enable JavaScript in your browser to complete this form.Please enable JavaScript in your browser to complete this form. Name * FirstLast Email *Other Info Submit<\/p>","protected":false},"author":1,"featured_media":0,"parent":0,"menu_order":0,"comment_status":"closed","ping_status":"closed","template":"","meta":{"om_disable_all_campaigns":false,"inline_featured_image":false,"footnotes":""},"class_list":["post-5878","page","type-page","status-publish","hentry"],"_links":{"self":[{"href":"https:\/\/breeder.lanrel.eu\/pl\/wp-json\/wp\/v2\/pages\/5878","targetHints":{"allow":["GET"]}}],"collection":[{"href":"https:\/\/breeder.lanrel.eu\/pl\/wp-json\/wp\/v2\/pages"}],"about":[{"href":"https:\/\/breeder.lanrel.eu\/pl\/wp-json\/wp\/v2\/types\/page"}],"author":[{"embeddable":true,"href":"https:\/\/breeder.lanrel.eu\/pl\/wp-json\/wp\/v2\/users\/1"}],"replies":[{"embeddable":true,"href":"https:\/\/breeder.lanrel.eu\/pl\/wp-json\/wp\/v2\/comments?post=5878"}],"version-history":[{"count":15,"href":"https:\/\/breeder.lanrel.eu\/pl\/wp-json\/wp\/v2\/pages\/5878\/revisions"}],"predecessor-version":[{"id":6246,"href":"https:\/\/breeder.lanrel.eu\/pl\/wp-json\/wp\/v2\/pages\/5878\/revisions\/6246"}],"wp:attachment":[{"href":"https:\/\/breeder.lanrel.eu\/pl\/wp-json\/wp\/v2\/media?parent=5878"}],"curies":[{"name":"wp","href":"https:\/\/api.w.org\/{rel}","templated":true}]}}